{"id":71,"date":"2023-12-27T19:59:19","date_gmt":"2023-12-27T19:59:19","guid":{"rendered":"http:\/\/xn--ansuia-0wa.gal\/?page_id=71"},"modified":"2024-05-28T16:51:08","modified_gmt":"2024-05-28T16:51:08","slug":"unha-rua-unha-melodia","status":"publish","type":"page","link":"https:\/\/xn--ansuia-0wa.gal\/index.php\/unha-rua-unha-melodia","title":{"rendered":"Unha r\u00faa, unha melod\u00eda"},"content":{"rendered":"\n<figure class=\"wp-block-image size-large wp-duotone-unset-1\"><img loading=\"lazy\" decoding=\"async\" width=\"1024\" height=\"723\" src=\"https:\/\/xn--ansuia-0wa.gal\/wp-content\/uploads\/2024\/05\/DSC_8143-1024x723.jpg\" alt=\"\" class=\"wp-image-413\" srcset=\"https:\/\/xn--ansuia-0wa.gal\/wp-content\/uploads\/2024\/05\/DSC_8143-1024x723.jpg 1024w, https:\/\/xn--ansuia-0wa.gal\/wp-content\/uploads\/2024\/05\/DSC_8143-300x212.jpg 300w, https:\/\/xn--ansuia-0wa.gal\/wp-content\/uploads\/2024\/05\/DSC_8143-768x543.jpg 768w, https:\/\/xn--ansuia-0wa.gal\/wp-content\/uploads\/2024\/05\/DSC_8143-1536x1085.jpg 1536w, https:\/\/xn--ansuia-0wa.gal\/wp-content\/uploads\/2024\/05\/DSC_8143-2048x1447.jpg 2048w\" sizes=\"(max-width: 1024px) 100vw, 1024px\" \/><\/figure>\n\n\n\n<p>O disco \u00e9 un paseo musical ou quizais sexa m\u00e1is exacto dicir unha alborada, das moitas que levamos realizadas en Vilanova de Arousa ao longo destes \u00faltimos trinta e cinco anos.<\/p>\n\n\n\n<p>Cada peza leva o nome dunha r\u00faa ou lugar reco\u00f1ecible para as vilanovesas e vilanoveses que escoiten o presente traballo. Coincide nos nomes co itinerario que acostumamos a seguir dende primeira hora da ma\u00f1\u00e1, dende diante da igrexa r\u00faa arriba hacias As Rodas, C\u00e1lago, As Sinas, A Bra\u00f1a, Basella, As Hortas, etc, etc.<\/p>\n\n\n\n<p>A selecci\u00f3n de melod\u00edas deste primeiro traballo discogr\u00e1fico est\u00e1 conformado por doce temas da autor\u00eda do propio grupo. Son melod\u00edas que se contextualizan, musicalmente falando, na tradici\u00f3n dos cuartetos de gaita das R\u00edas Baixas das \u00faltimas oito d\u00e9cadas. Entendemos que \u00e9 preciso que os cuartetos de gaita se definan non s\u00f3 polo seu estilo ou xeito de interpretar, sen\u00f3n tam\u00e9n pola identidade e personalidade do seu repertorio. Isto pasa por crear e aportar novas melod\u00edas e as\u00ed dar continuidade no tempo a unha formaci\u00f3n, a de cuartetos, que segue a cumprir unha funci\u00f3n na nosa sociedade. Escoitaredes mui\u00f1eiras, xotas, polcas, mazurcas, pasodobles, alal\u00e1s\u2026 todo elo interpretado con gaitas grileiras, tambor e bombo. Na nosa interpretaci\u00f3n mantemos o canon estil\u00edstico, interpretativo, ornament\u00edstico e iconogr\u00e1fico de referentes coma Os Campaneiros, Os Areeiras, Os Encanti\u00f1os, Brisas do Ulla, Pallamallada, Os Carballeiras, Airi\u00f1os das R\u00edas Baixas\u2026 e tantos e tantos outros gaiteiros que foron inspiraci\u00f3n e fonte de aprendizaxe para n\u00f3s. Fac\u00e9molo as\u00ed non por criterio ortodoxo ou intenci\u00f3n algunha de rescatar do pasado, sen\u00f3n porque \u00e9 o que nos gusta e como nos gusta interpretar a m\u00fasica de gaita.<\/p>\n\n\n\n<figure class=\"wp-block-image size-large wp-duotone-unset-2\"><img loading=\"lazy\" decoding=\"async\" width=\"1024\" height=\"681\" src=\"https:\/\/xn--ansuia-0wa.gal\/wp-content\/uploads\/2024\/05\/DSC_8619-1024x681.jpg\" alt=\"\" class=\"wp-image-414\" srcset=\"https:\/\/xn--ansuia-0wa.gal\/wp-content\/uploads\/2024\/05\/DSC_8619-1024x681.jpg 1024w, https:\/\/xn--ansuia-0wa.gal\/wp-content\/uploads\/2024\/05\/DSC_8619-300x200.jpg 300w, https:\/\/xn--ansuia-0wa.gal\/wp-content\/uploads\/2024\/05\/DSC_8619-768x511.jpg 768w, https:\/\/xn--ansuia-0wa.gal\/wp-content\/uploads\/2024\/05\/DSC_8619-1536x1022.jpg 1536w, https:\/\/xn--ansuia-0wa.gal\/wp-content\/uploads\/2024\/05\/DSC_8619-2048x1363.jpg 2048w\" sizes=\"(max-width: 1024px) 100vw, 1024px\" \/><\/figure>\n\n\n\n<p>Podedes a continuaci\u00f3n clicar en cada un dos cortes musicais e escoller o lugar de Vilanova que queredes escoitar.<\/p>\n\n\n\n<p><a href=\"https:\/\/open.spotify.com\/track\/6EaeFWox03cNF7wrQ8R0UB\" data-type=\"link\" data-id=\"https:\/\/open.spotify.com\/track\/6EaeFWox03cNF7wrQ8R0UB\">Alborada Tras da Cruz<\/a><\/p>\n\n\n\n<p><a href=\"https:\/\/open.spotify.com\/track\/7BHpEMoBllbIVJGCICnzhS\" data-type=\"link\" data-id=\"https:\/\/open.spotify.com\/track\/7BHpEMoBllbIVJGCICnzhS\">Mui\u00f1eira de Vilamaior (a do Leste)<\/a><\/p>\n\n\n\n<p><a href=\"https:\/\/open.spotify.com\/track\/1hXxGJhZXQEg2QVzEFTHOm\" data-type=\"link\" data-id=\"https:\/\/open.spotify.com\/track\/1hXxGJhZXQEg2QVzEFTHOm\">Polca das Hortas<\/a><\/p>\n\n\n\n<p><a href=\"https:\/\/open.spotify.com\/track\/7DErCrnwCoTR1NjhcVRmRx\" data-type=\"link\" data-id=\"https:\/\/open.spotify.com\/track\/7DErCrnwCoTR1NjhcVRmRx\">Valse do Esteiro<\/a><\/p>\n\n\n\n<p><a href=\"https:\/\/open.spotify.com\/track\/1UxiKp1PhTVRObRl51dYfr\" data-type=\"link\" data-id=\"https:\/\/open.spotify.com\/track\/1UxiKp1PhTVRObRl51dYfr\">Mui\u00f1eira do ramo<\/a><\/p>\n\n\n\n<p><a href=\"https:\/\/open.spotify.com\/track\/4lmrrKHJMSiFoxr9goMkUI\" data-type=\"link\" data-id=\"https:\/\/open.spotify.com\/track\/4lmrrKHJMSiFoxr9goMkUI\">Xota das Rodas<\/a><\/p>\n\n\n\n<p><a href=\"https:\/\/open.spotify.com\/track\/6lX1YalRwBCimE2escFM6h\" data-type=\"link\" data-id=\"https:\/\/open.spotify.com\/track\/6lX1YalRwBCimE2escFM6h\">Das Sinas \u00e1 Bra\u00f1a<\/a><\/p>\n\n\n\n<p><a href=\"https:\/\/open.spotify.com\/track\/78KeVYgVcTK43nUDEsysSn\" data-type=\"link\" data-id=\"https:\/\/open.spotify.com\/track\/78KeVYgVcTK43nUDEsysSn\">Mui\u00f1eira do Castro<\/a><\/p>\n\n\n\n<p><a href=\"https:\/\/open.spotify.com\/track\/0pKUL6RBTAhg7rdpe0zyDM\" data-type=\"link\" data-id=\"https:\/\/open.spotify.com\/track\/0pKUL6RBTAhg7rdpe0zyDM\">Polca da Basella<\/a><\/p>\n\n\n\n<p><a href=\"https:\/\/open.spotify.com\/track\/1wO308yzH3rN0n9c04oZim\" data-type=\"link\" data-id=\"https:\/\/open.spotify.com\/track\/1wO308yzH3rN0n9c04oZim\">Pasodoble da Frada<\/a><\/p>\n\n\n\n<p><a href=\"https:\/\/open.spotify.com\/track\/2pdpQiclGrUSIlD2oqATDR\" data-type=\"link\" data-id=\"https:\/\/open.spotify.com\/track\/2pdpQiclGrUSIlD2oqATDR\">Xota de C\u00e1lago<\/a><\/p>\n\n\n\n<p><a href=\"https:\/\/open.spotify.com\/track\/4nkIcPIY8Ak92egLgkzBUw\" data-type=\"link\" data-id=\"https:\/\/open.spotify.com\/track\/4nkIcPIY8Ak92egLgkzBUw\">Polca do Terr\u00f3n<\/a><\/p>\n","protected":false},"excerpt":{"rendered":"<p>O disco \u00e9 un paseo musical ou quizais sexa m\u00e1is exacto dicir unha alborada, das moitas que levamos realizadas en Vilanova de Arousa ao longo destes \u00faltimos trinta e cinco anos. Cada peza leva o nome dunha r\u00faa ou lugar reco\u00f1ecible para as vilanovesas e vilanoveses que escoiten o presente traballo. Coincide nos nomes co [&hellip;]<\/p>\n","protected":false},"author":1,"featured_media":0,"parent":0,"menu_order":0,"comment_status":"closed","ping_status":"closed","template":"","meta":{"footnotes":""},"_links":{"self":[{"href":"https:\/\/xn--ansuia-0wa.gal\/index.php\/wp-json\/wp\/v2\/pages\/71"}],"collection":[{"href":"https:\/\/xn--ansuia-0wa.gal\/index.php\/wp-json\/wp\/v2\/pages"}],"about":[{"href":"https:\/\/xn--ansuia-0wa.gal\/index.php\/wp-json\/wp\/v2\/types\/page"}],"author":[{"embeddable":true,"href":"https:\/\/xn--ansuia-0wa.gal\/index.php\/wp-json\/wp\/v2\/users\/1"}],"replies":[{"embeddable":true,"href":"https:\/\/xn--ansuia-0wa.gal\/index.php\/wp-json\/wp\/v2\/comments?post=71"}],"version-history":[{"count":11,"href":"https:\/\/xn--ansuia-0wa.gal\/index.php\/wp-json\/wp\/v2\/pages\/71\/revisions"}],"predecessor-version":[{"id":415,"href":"https:\/\/xn--ansuia-0wa.gal\/index.php\/wp-json\/wp\/v2\/pages\/71\/revisions\/415"}],"wp:attachment":[{"href":"https:\/\/xn--ansuia-0wa.gal\/index.php\/wp-json\/wp\/v2\/media?parent=71"}],"curies":[{"name":"wp","href":"https:\/\/api.w.org\/{rel}","templated":true}]}}