{"id":72,"date":"2023-12-27T19:59:19","date_gmt":"2023-12-27T19:59:19","guid":{"rendered":"http:\/\/xn--ansuia-0wa.gal\/?page_id=72"},"modified":"2024-05-28T16:46:38","modified_gmt":"2024-05-28T16:46:38","slug":"quenes-somos","status":"publish","type":"page","link":"https:\/\/xn--ansuia-0wa.gal\/index.php\/quenes-somos","title":{"rendered":"Quenes somos"},"content":{"rendered":"\n<figure class=\"wp-block-image size-large wp-duotone-unset-1\"><img loading=\"lazy\" decoding=\"async\" width=\"1024\" height=\"768\" src=\"https:\/\/xn--ansuia-0wa.gal\/wp-content\/uploads\/2024\/05\/DSC_7888-1024x768.jpg\" alt=\"\" class=\"wp-image-406\" srcset=\"https:\/\/xn--ansuia-0wa.gal\/wp-content\/uploads\/2024\/05\/DSC_7888-1024x768.jpg 1024w, https:\/\/xn--ansuia-0wa.gal\/wp-content\/uploads\/2024\/05\/DSC_7888-300x225.jpg 300w, https:\/\/xn--ansuia-0wa.gal\/wp-content\/uploads\/2024\/05\/DSC_7888-768x576.jpg 768w, https:\/\/xn--ansuia-0wa.gal\/wp-content\/uploads\/2024\/05\/DSC_7888-1536x1152.jpg 1536w, https:\/\/xn--ansuia-0wa.gal\/wp-content\/uploads\/2024\/05\/DSC_7888-2048x1536.jpg 2048w\" sizes=\"(max-width: 1024px) 100vw, 1024px\" \/><\/figure>\n\n\n\n<p>Ansu\u00ed\u00f1a somos un cuarteto de m\u00fasica tradicional galega. Mais en realidade somos catro compa\u00f1eiros que nos co\u00f1ecemos dende os tempos mozos, moi mozos. Eramos adolescentes cando o grupo se formaba, comezabamos a tocar a gaita, que non a ser gaiteiros. Fomos medrando, aprendendo e disfrutando coa nosa m\u00fasica e os nosos instrumentos. As nosas vidas foron mudando ao longo destas d\u00e9cadas, pero Ansu\u00ed\u00f1a sempre estivo vivo e presente para cada un de n\u00f3s. Compartimos amizade coa m\u00fasica como v\u00ednculo e as\u00ed levamos case catro d\u00e9cadas. A m\u00fasica a p\u00e9 de r\u00faa, en contacto directo coas persoas. Sen grandes ambici\u00f3ns pero s\u00ed intentando, con honestidade e criterio, po\u00f1er a nosa m\u00fasica tradicional en valor e contexto. Fundamentalmente atendemos as demandas das veci\u00f1as, veci\u00f1os e Comisi\u00f3ns de Festas que precisan de gaiteiros para as celebraci\u00f3ns ou actos festivos que se organizan na comarca: alboradas nos d\u00edas de festa, actos culturais, vodas, bautizos, procesi\u00f3ns, magostos\u2026 al\u00e1 ondese precisen gaiteiros e queiran contar coa nosa m\u00fasica, al\u00ed estamos.<\/p>\n\n\n\n<figure class=\"wp-block-image size-large wp-duotone-unset-2\"><img loading=\"lazy\" decoding=\"async\" width=\"1024\" height=\"690\" src=\"https:\/\/xn--ansuia-0wa.gal\/wp-content\/uploads\/2024\/05\/DSC_8277-1024x690.jpg\" alt=\"\" class=\"wp-image-409\" srcset=\"https:\/\/xn--ansuia-0wa.gal\/wp-content\/uploads\/2024\/05\/DSC_8277-1024x690.jpg 1024w, https:\/\/xn--ansuia-0wa.gal\/wp-content\/uploads\/2024\/05\/DSC_8277-300x202.jpg 300w, https:\/\/xn--ansuia-0wa.gal\/wp-content\/uploads\/2024\/05\/DSC_8277-768x517.jpg 768w, https:\/\/xn--ansuia-0wa.gal\/wp-content\/uploads\/2024\/05\/DSC_8277-1536x1034.jpg 1536w, https:\/\/xn--ansuia-0wa.gal\/wp-content\/uploads\/2024\/05\/DSC_8277-2048x1379.jpg 2048w\" sizes=\"(max-width: 1024px) 100vw, 1024px\" \/><\/figure>\n\n\n\n<p><strong>\u00bfPOR QUE ANSU\u00cd\u00d1A?<\/strong><\/p>\n\n\n\n<p>Ansu\u00ed\u00f1a \u00e9 un pequeno illote, en realidade dous, que se atopan situados na enseada do Esteiro, en Vilanova de Arousa. No seu interior apenas acolle un feixe de pi\u00f1eiros que \u201cbatallan\u201d os coitados contra a voracidade invasora dos eucaliptos. Pero al\u00ed seguen, medrando e resistindo na terra que os acolle dende tempos remotos. As Ansu\u00ed\u00f1a non acostuman a recibir visitas do vecindario vilanov\u00e9s, al\u00ed est\u00e1n, solitarias, no medio do Esteiro. Mais non cabe d\u00fabida de que forman parte da identidade e memoria visual do noso pobo, como a ladeira do Monte Lobeira, coma a Torre de C\u00e1lago, coma o Fuci\u00f1o do Porco ou a Praza da Pastoriza. O noso grupo tomou prestado o seu nome no momento de xestarse, al\u00e1 polo ano 1989 e dende aquela mantemos accesa a chama de m\u00fasica tradicional na nosa vila. \u00c9 o que nos gusta facer, \u00e9 o que levamos facendo dende a adolescencia e o que probablemente seguiremos facendo ata que as forzas acompa\u00f1en.<\/p>\n\n\n\n<figure class=\"wp-block-image size-large wp-duotone-unset-3\"><img loading=\"lazy\" decoding=\"async\" width=\"1024\" height=\"816\" src=\"https:\/\/xn--ansuia-0wa.gal\/wp-content\/uploads\/2024\/05\/DSC_8285-1024x816.jpg\" alt=\"\" class=\"wp-image-411\" srcset=\"https:\/\/xn--ansuia-0wa.gal\/wp-content\/uploads\/2024\/05\/DSC_8285-1024x816.jpg 1024w, https:\/\/xn--ansuia-0wa.gal\/wp-content\/uploads\/2024\/05\/DSC_8285-300x239.jpg 300w, https:\/\/xn--ansuia-0wa.gal\/wp-content\/uploads\/2024\/05\/DSC_8285-768x612.jpg 768w, https:\/\/xn--ansuia-0wa.gal\/wp-content\/uploads\/2024\/05\/DSC_8285-1536x1224.jpg 1536w, https:\/\/xn--ansuia-0wa.gal\/wp-content\/uploads\/2024\/05\/DSC_8285-2048x1633.jpg 2048w\" sizes=\"(max-width: 1024px) 100vw, 1024px\" \/><\/figure>\n\n\n\n<p><strong>\u00bfPOR QUE AGORA UN TRABALLO DISCOGR\u00c1FICO?<\/strong><\/p>\n\n\n\n<p>\u00c9 algo que vi\u00f1amos sopesando dende hai uns anos pero que nunca acabamos de concretar\u2026 ata este momento. Quizais a insistencia de compa\u00f1eiros e compa\u00f1eiras de oficio anim\u00e1ndonos a materializar o traballo do grupo, quizais a existencia dun repertorio propio que nos gustar\u00eda que perdurara no tempo, quizais tam\u00e9n esa necesidade que temos \u00e1s veces os grupos musicais de \u201cinmortalizar\u201d -v\u00eda rexistro sonoro- a nosa obra. Sexa como sexa aqu\u00ed est\u00e1, trinta e cinco anos despois da s\u00faa fundaci\u00f3n Ansu\u00ed\u00f1a presenta o seu debut discogr\u00e1fico. Sent\u00edmonos contentos e satisfeitos co resultado final. Agardamos que a s\u00faa escoita sexa do voso agrado!<\/p>\n\n\n\n<p><\/p>\n\n\n\n<div class=\"wp-block-columns is-layout-flex wp-container-core-columns-layout-1 wp-block-columns-is-layout-flex\">\n<div class=\"wp-block-column is-layout-flow wp-block-column-is-layout-flow\" style=\"flex-basis:100%\"><\/div>\n<\/div>\n","protected":false},"excerpt":{"rendered":"<p>Ansu\u00ed\u00f1a somos un cuarteto de m\u00fasica tradicional galega. Mais en realidade somos catro compa\u00f1eiros que nos co\u00f1ecemos dende os tempos mozos, moi mozos. Eramos adolescentes cando o grupo se formaba, comezabamos a tocar a gaita, que non a ser gaiteiros. Fomos medrando, aprendendo e disfrutando coa nosa m\u00fasica e os nosos instrumentos. As nosas vidas [&hellip;]<\/p>\n","protected":false},"author":1,"featured_media":0,"parent":0,"menu_order":0,"comment_status":"closed","ping_status":"closed","template":"","meta":{"footnotes":""},"_links":{"self":[{"href":"https:\/\/xn--ansuia-0wa.gal\/index.php\/wp-json\/wp\/v2\/pages\/72"}],"collection":[{"href":"https:\/\/xn--ansuia-0wa.gal\/index.php\/wp-json\/wp\/v2\/pages"}],"about":[{"href":"https:\/\/xn--ansuia-0wa.gal\/index.php\/wp-json\/wp\/v2\/types\/page"}],"author":[{"embeddable":true,"href":"https:\/\/xn--ansuia-0wa.gal\/index.php\/wp-json\/wp\/v2\/users\/1"}],"replies":[{"embeddable":true,"href":"https:\/\/xn--ansuia-0wa.gal\/index.php\/wp-json\/wp\/v2\/comments?post=72"}],"version-history":[{"count":23,"href":"https:\/\/xn--ansuia-0wa.gal\/index.php\/wp-json\/wp\/v2\/pages\/72\/revisions"}],"predecessor-version":[{"id":412,"href":"https:\/\/xn--ansuia-0wa.gal\/index.php\/wp-json\/wp\/v2\/pages\/72\/revisions\/412"}],"wp:attachment":[{"href":"https:\/\/xn--ansuia-0wa.gal\/index.php\/wp-json\/wp\/v2\/media?parent=72"}],"curies":[{"name":"wp","href":"https:\/\/api.w.org\/{rel}","templated":true}]}}