{"id":74,"date":"2023-12-27T07:42:19","date_gmt":"2023-12-27T07:42:19","guid":{"rendered":"http:\/\/xn--ansuia-0wa.gal\/?page_id=74"},"modified":"2024-05-28T21:11:06","modified_gmt":"2024-05-28T21:11:06","slug":"ansuina-partituras","status":"publish","type":"page","link":"https:\/\/xn--ansuia-0wa.gal\/index.php\/ansuina-partituras","title":{"rendered":"Ansu\u00ed\u00f1a, partituras"},"content":{"rendered":"\n<figure class=\"wp-block-image size-large wp-duotone-unset-1\"><img loading=\"lazy\" decoding=\"async\" width=\"1024\" height=\"681\" src=\"https:\/\/xn--ansuia-0wa.gal\/wp-content\/uploads\/2024\/05\/DSC_8667-1024x681.jpg\" alt=\"\" class=\"wp-image-416\" srcset=\"https:\/\/xn--ansuia-0wa.gal\/wp-content\/uploads\/2024\/05\/DSC_8667-1024x681.jpg 1024w, https:\/\/xn--ansuia-0wa.gal\/wp-content\/uploads\/2024\/05\/DSC_8667-300x200.jpg 300w, https:\/\/xn--ansuia-0wa.gal\/wp-content\/uploads\/2024\/05\/DSC_8667-768x511.jpg 768w, https:\/\/xn--ansuia-0wa.gal\/wp-content\/uploads\/2024\/05\/DSC_8667-1536x1022.jpg 1536w, https:\/\/xn--ansuia-0wa.gal\/wp-content\/uploads\/2024\/05\/DSC_8667-2048x1362.jpg 2048w\" sizes=\"(max-width: 1024px) 100vw, 1024px\" \/><\/figure>\n\n\n\n<p>Po\u00f1emos \u00e1 vosa disposici\u00f3n a partitura de cada un dos temas que compo\u00f1en o disco<\/p>\n\n\n\n<div class=\"wp-block-group has-global-padding is-layout-constrained wp-block-group-is-layout-constrained\">\n<div class=\"wp-block-group is-horizontal is-content-justification-center is-nowrap is-layout-flex wp-container-core-group-layout-3 wp-block-group-is-layout-flex\">\n<div class=\"wp-block-group is-vertical is-content-justification-right is-layout-flex wp-container-core-group-layout-1 wp-block-group-is-layout-flex\">\n<div data-wp-interactive=\"\" class=\"wp-block-file\"><object data-wp-bind--hidden=\"!selectors.core.file.hasPdfPreview\" hidden class=\"wp-block-file__embed\" data=\"https:\/\/xn--ansuia-0wa.gal\/wp-content\/uploads\/2024\/05\/Alborada-Tras-da-Cruz.pdf\" type=\"application\/pdf\" style=\"width:100%;height:600px\" aria-label=\"Incrustado de Alborada Tras da Cruz.\"><\/object><a id=\"wp-block-file--media-e68b8db5-fee4-4e65-93a8-d07cc320b5f8\" href=\"https:\/\/xn--ansuia-0wa.gal\/wp-content\/uploads\/2024\/05\/Alborada-Tras-da-Cruz.pdf\">Alborada Tras da Cruz<\/a><a href=\"https:\/\/xn--ansuia-0wa.gal\/wp-content\/uploads\/2024\/05\/Alborada-Tras-da-Cruz.pdf\" class=\"wp-block-file__button wp-element-button\" download aria-describedby=\"wp-block-file--media-e68b8db5-fee4-4e65-93a8-d07cc320b5f8\">Descarga\t <\/a><\/div>\n\n\n\n<div data-wp-interactive=\"\" class=\"wp-block-file\"><object data-wp-bind--hidden=\"!selectors.core.file.hasPdfPreview\" hidden class=\"wp-block-file__embed\" data=\"https:\/\/xn--ansuia-0wa.gal\/wp-content\/uploads\/2024\/05\/Muineira-de-Vilamaior.pdf\" type=\"application\/pdf\" style=\"width:100%;height:600px\" aria-label=\"Incrustado de Mui\u00f1eira de Vilamaior.\"><\/object><a id=\"wp-block-file--media-6d9c1cb8-415b-45e4-9e19-6575a5692649\" href=\"https:\/\/xn--ansuia-0wa.gal\/wp-content\/uploads\/2024\/05\/Muineira-de-Vilamaior.pdf\">Mui\u00f1eira de Vilamaior<\/a><a href=\"https:\/\/xn--ansuia-0wa.gal\/wp-content\/uploads\/2024\/05\/Muineira-de-Vilamaior.pdf\" class=\"wp-block-file__button wp-element-button\" download aria-describedby=\"wp-block-file--media-6d9c1cb8-415b-45e4-9e19-6575a5692649\">Descarga\t <\/a><\/div>\n\n\n\n<div data-wp-interactive=\"\" class=\"wp-block-file\"><object data-wp-bind--hidden=\"!selectors.core.file.hasPdfPreview\" hidden class=\"wp-block-file__embed\" data=\"https:\/\/xn--ansuia-0wa.gal\/wp-content\/uploads\/2024\/05\/Polca-das-Hortas.pdf\" type=\"application\/pdf\" style=\"width:100%;height:600px\" aria-label=\"Incrustado de Polca das Hortas.\"><\/object><a id=\"wp-block-file--media-41be1b5f-33d9-4bd1-a9d9-9bcdad2b5e9c\" href=\"https:\/\/xn--ansuia-0wa.gal\/wp-content\/uploads\/2024\/05\/Polca-das-Hortas.pdf\">Polca das Hortas<\/a><a href=\"https:\/\/xn--ansuia-0wa.gal\/wp-content\/uploads\/2024\/05\/Polca-das-Hortas.pdf\" class=\"wp-block-file__button wp-element-button\" download aria-describedby=\"wp-block-file--media-41be1b5f-33d9-4bd1-a9d9-9bcdad2b5e9c\">Descarga\t <\/a><\/div>\n\n\n\n<div data-wp-interactive=\"\" class=\"wp-block-file\"><object data-wp-bind--hidden=\"!selectors.core.file.hasPdfPreview\" hidden class=\"wp-block-file__embed\" data=\"https:\/\/xn--ansuia-0wa.gal\/wp-content\/uploads\/2024\/05\/Valse-do-Esteiro.pdf\" type=\"application\/pdf\" style=\"width:100%;height:600px\" aria-label=\"Incrustado de Valse do Esteiro.\"><\/object><a id=\"wp-block-file--media-7f056453-b15d-4861-a764-7644450b8b2f\" href=\"https:\/\/xn--ansuia-0wa.gal\/wp-content\/uploads\/2024\/05\/Valse-do-Esteiro.pdf\">Valse do Esteiro<\/a><a href=\"https:\/\/xn--ansuia-0wa.gal\/wp-content\/uploads\/2024\/05\/Valse-do-Esteiro.pdf\" class=\"wp-block-file__button wp-element-button\" download aria-describedby=\"wp-block-file--media-7f056453-b15d-4861-a764-7644450b8b2f\">Descarga\t <\/a><\/div>\n\n\n\n<div data-wp-interactive=\"\" class=\"wp-block-file\"><object data-wp-bind--hidden=\"!selectors.core.file.hasPdfPreview\" hidden class=\"wp-block-file__embed\" data=\"https:\/\/xn--ansuia-0wa.gal\/wp-content\/uploads\/2024\/05\/Muineira-do-ramo.pdf\" type=\"application\/pdf\" style=\"width:100%;height:600px\" aria-label=\"Incrustado de Mui\u00f1eira do ramo.\"><\/object><a id=\"wp-block-file--media-5cfd6cc8-64b4-45cf-8312-255a61e218a2\" href=\"https:\/\/xn--ansuia-0wa.gal\/wp-content\/uploads\/2024\/05\/Muineira-do-ramo.pdf\">Mui\u00f1eira do ramo<\/a><a href=\"https:\/\/xn--ansuia-0wa.gal\/wp-content\/uploads\/2024\/05\/Muineira-do-ramo.pdf\" class=\"wp-block-file__button wp-element-button\" download aria-describedby=\"wp-block-file--media-5cfd6cc8-64b4-45cf-8312-255a61e218a2\">Descarga\t <\/a><\/div>\n\n\n\n<div data-wp-interactive=\"\" class=\"wp-block-file\"><object data-wp-bind--hidden=\"!selectors.core.file.hasPdfPreview\" hidden class=\"wp-block-file__embed\" data=\"https:\/\/xn--ansuia-0wa.gal\/wp-content\/uploads\/2024\/05\/Xota-das-Rodas.pdf\" type=\"application\/pdf\" style=\"width:100%;height:600px\" aria-label=\"Incrustado de Xota das Rodas.\"><\/object><a id=\"wp-block-file--media-36ff711c-6d13-4e80-9ef2-4f9a19e924d9\" href=\"https:\/\/xn--ansuia-0wa.gal\/wp-content\/uploads\/2024\/05\/Xota-das-Rodas.pdf\">Xota das Rodas<\/a><a href=\"https:\/\/xn--ansuia-0wa.gal\/wp-content\/uploads\/2024\/05\/Xota-das-Rodas.pdf\" class=\"wp-block-file__button wp-element-button\" download aria-describedby=\"wp-block-file--media-36ff711c-6d13-4e80-9ef2-4f9a19e924d9\">Descarga\t <\/a><\/div>\n\n\n\n<div data-wp-interactive=\"\" class=\"wp-block-file\"><object data-wp-bind--hidden=\"!selectors.core.file.hasPdfPreview\" hidden class=\"wp-block-file__embed\" data=\"https:\/\/xn--ansuia-0wa.gal\/wp-content\/uploads\/2024\/05\/Das-Sinas-a-Brana.pdf\" type=\"application\/pdf\" style=\"width:100%;height:600px\" aria-label=\"Incrustado de Das Sinas \u00e1 Bra\u00f1a.\"><\/object><a id=\"wp-block-file--media-75ad7b33-76f8-43f3-b8ef-b183ba0f6a20\" href=\"https:\/\/xn--ansuia-0wa.gal\/wp-content\/uploads\/2024\/05\/Das-Sinas-a-Brana.pdf\">Das Sinas \u00e1 Bra\u00f1a<\/a><a href=\"https:\/\/xn--ansuia-0wa.gal\/wp-content\/uploads\/2024\/05\/Das-Sinas-a-Brana.pdf\" class=\"wp-block-file__button wp-element-button\" download aria-describedby=\"wp-block-file--media-75ad7b33-76f8-43f3-b8ef-b183ba0f6a20\">Descarga\t <\/a><\/div>\n\n\n\n<div data-wp-interactive=\"\" class=\"wp-block-file\"><object data-wp-bind--hidden=\"!selectors.core.file.hasPdfPreview\" hidden class=\"wp-block-file__embed\" data=\"https:\/\/xn--ansuia-0wa.gal\/wp-content\/uploads\/2024\/05\/Muineira-do-Castro.pdf\" type=\"application\/pdf\" style=\"width:100%;height:600px\" aria-label=\"Incrustado de Mui\u00f1eira do Castro.\"><\/object><a id=\"wp-block-file--media-a2aa57b3-e6fe-4f1d-93f9-f037c8b1d520\" href=\"https:\/\/xn--ansuia-0wa.gal\/wp-content\/uploads\/2024\/05\/Muineira-do-Castro.pdf\">Mui\u00f1eira do Castro<\/a><a href=\"https:\/\/xn--ansuia-0wa.gal\/wp-content\/uploads\/2024\/05\/Muineira-do-Castro.pdf\" class=\"wp-block-file__button wp-element-button\" download aria-describedby=\"wp-block-file--media-a2aa57b3-e6fe-4f1d-93f9-f037c8b1d520\">Descarga\t <\/a><\/div>\n\n\n\n<div data-wp-interactive=\"\" class=\"wp-block-file\"><object data-wp-bind--hidden=\"!selectors.core.file.hasPdfPreview\" hidden class=\"wp-block-file__embed\" data=\"https:\/\/xn--ansuia-0wa.gal\/wp-content\/uploads\/2024\/05\/Polca-da-Basella-1.pdf\" type=\"application\/pdf\" style=\"width:100%;height:600px\" aria-label=\"Incrustado de Polca da Basella.\"><\/object><a id=\"wp-block-file--media-237e4652-18e7-4df6-8c88-2caf7b347411\" href=\"https:\/\/xn--ansuia-0wa.gal\/wp-content\/uploads\/2024\/05\/Polca-da-Basella-1.pdf\">Polca da Basella<\/a><a href=\"https:\/\/xn--ansuia-0wa.gal\/wp-content\/uploads\/2024\/05\/Polca-da-Basella-1.pdf\" class=\"wp-block-file__button wp-element-button\" download aria-describedby=\"wp-block-file--media-237e4652-18e7-4df6-8c88-2caf7b347411\">Descarga\t <\/a><\/div>\n\n\n\n<div data-wp-interactive=\"\" class=\"wp-block-file\"><object data-wp-bind--hidden=\"!selectors.core.file.hasPdfPreview\" hidden class=\"wp-block-file__embed\" data=\"https:\/\/xn--ansuia-0wa.gal\/wp-content\/uploads\/2024\/05\/Pasodoble-da-Frada.pdf\" type=\"application\/pdf\" style=\"width:100%;height:600px\" aria-label=\"Incrustado de Pasodoble da Frada.\"><\/object><a id=\"wp-block-file--media-34bb8644-c97b-4246-93e8-7d97e7e0ae93\" href=\"https:\/\/xn--ansuia-0wa.gal\/wp-content\/uploads\/2024\/05\/Pasodoble-da-Frada.pdf\">Pasodoble da Frada<\/a><a href=\"https:\/\/xn--ansuia-0wa.gal\/wp-content\/uploads\/2024\/05\/Pasodoble-da-Frada.pdf\" class=\"wp-block-file__button wp-element-button\" download aria-describedby=\"wp-block-file--media-34bb8644-c97b-4246-93e8-7d97e7e0ae93\">Descarga\t <\/a><\/div>\n\n\n\n<div data-wp-interactive=\"\" class=\"wp-block-file\"><object data-wp-bind--hidden=\"!selectors.core.file.hasPdfPreview\" hidden class=\"wp-block-file__embed\" data=\"https:\/\/xn--ansuia-0wa.gal\/wp-content\/uploads\/2024\/05\/Xota-de-Calago.pdf\" type=\"application\/pdf\" style=\"width:100%;height:600px\" aria-label=\"Incrustado de Xota de C\u00e1lago.\"><\/object><a id=\"wp-block-file--media-ab1fee05-723a-4a2a-a3f7-162dbf8ac99a\" href=\"https:\/\/xn--ansuia-0wa.gal\/wp-content\/uploads\/2024\/05\/Xota-de-Calago.pdf\">Xota de C\u00e1lago<\/a><a href=\"https:\/\/xn--ansuia-0wa.gal\/wp-content\/uploads\/2024\/05\/Xota-de-Calago.pdf\" class=\"wp-block-file__button wp-element-button\" download aria-describedby=\"wp-block-file--media-ab1fee05-723a-4a2a-a3f7-162dbf8ac99a\">Descarga\t <\/a><\/div>\n\n\n\n<div data-wp-interactive=\"\" class=\"wp-block-file\"><object data-wp-bind--hidden=\"!selectors.core.file.hasPdfPreview\" hidden class=\"wp-block-file__embed\" data=\"https:\/\/xn--ansuia-0wa.gal\/wp-content\/uploads\/2024\/05\/Polca-do-Terron.pdf\" type=\"application\/pdf\" style=\"width:100%;height:600px\" aria-label=\"Incrustado de Polca do Terr\u00f3n.\"><\/object><a id=\"wp-block-file--media-04556803-c402-4bea-9e82-459ff98a12a7\" href=\"https:\/\/xn--ansuia-0wa.gal\/wp-content\/uploads\/2024\/05\/Polca-do-Terron.pdf\">Polca do Terr\u00f3n<\/a><a href=\"https:\/\/xn--ansuia-0wa.gal\/wp-content\/uploads\/2024\/05\/Polca-do-Terron.pdf\" class=\"wp-block-file__button wp-element-button\" download aria-describedby=\"wp-block-file--media-04556803-c402-4bea-9e82-459ff98a12a7\">Descarga\t <\/a><\/div>\n<\/div>\n\n\n\n<div class=\"wp-block-group is-vertical is-content-justification-left is-layout-flex wp-container-core-group-layout-2 wp-block-group-is-layout-flex\"><\/div>\n<\/div>\n<\/div>\n","protected":false},"excerpt":{"rendered":"<p>Po\u00f1emos \u00e1 vosa disposici\u00f3n a partitura de cada un dos temas que compo\u00f1en o disco<\/p>\n","protected":false},"author":1,"featured_media":0,"parent":0,"menu_order":0,"comment_status":"closed","ping_status":"closed","template":"","meta":{"footnotes":""},"_links":{"self":[{"href":"https:\/\/xn--ansuia-0wa.gal\/index.php\/wp-json\/wp\/v2\/pages\/74"}],"collection":[{"href":"https:\/\/xn--ansuia-0wa.gal\/index.php\/wp-json\/wp\/v2\/pages"}],"about":[{"href":"https:\/\/xn--ansuia-0wa.gal\/index.php\/wp-json\/wp\/v2\/types\/page"}],"author":[{"embeddable":true,"href":"https:\/\/xn--ansuia-0wa.gal\/index.php\/wp-json\/wp\/v2\/users\/1"}],"replies":[{"embeddable":true,"href":"https:\/\/xn--ansuia-0wa.gal\/index.php\/wp-json\/wp\/v2\/comments?post=74"}],"version-history":[{"count":12,"href":"https:\/\/xn--ansuia-0wa.gal\/index.php\/wp-json\/wp\/v2\/pages\/74\/revisions"}],"predecessor-version":[{"id":424,"href":"https:\/\/xn--ansuia-0wa.gal\/index.php\/wp-json\/wp\/v2\/pages\/74\/revisions\/424"}],"wp:attachment":[{"href":"https:\/\/xn--ansuia-0wa.gal\/index.php\/wp-json\/wp\/v2\/media?parent=74"}],"curies":[{"name":"wp","href":"https:\/\/api.w.org\/{rel}","templated":true}]}}